{"id":131605,"date":"2024-01-05T11:27:26","date_gmt":"2024-01-05T10:27:26","guid":{"rendered":"https:\/\/test.igotoqatar.com\/?page_id=131605"},"modified":"2024-09-06T10:25:50","modified_gmt":"2024-09-06T08:25:50","slug":"packages","status":"publish","type":"page","link":"https:\/\/www.igotosharjah.com\/fr\/packages\/","title":{"rendered":"Packages"},"content":{"rendered":"<div class=\"wpb-content-wrapper\"><p>[vc_row unlock_row=\u00a0\u00bb\u00a0\u00bb row_height_percent=\u00a0\u00bb0&Prime; override_padding=\u00a0\u00bbyes\u00a0\u00bb h_padding=\u00a0\u00bb2&Prime; top_padding=\u00a0\u00bb0&Prime; bottom_padding=\u00a0\u00bb0&Prime; overlay_alpha=\u00a0\u00bb100&Prime; gutter_size=\u00a0\u00bb3&Prime; column_width_percent=\u00a0\u00bb100&Prime; shift_y=\u00a0\u00bb0&Prime; z_index=\u00a0\u00bb0&Prime; row_height_use_pixel=\u00a0\u00bb\u00a0\u00bb uncode_shortcode_id=\u00a0\u00bb150881&Prime;][vc_column column_width_use_pixel=\u00a0\u00bbyes\u00a0\u00bb gutter_size=\u00a0\u00bb3&Prime; overlay_alpha=\u00a0\u00bb50&Prime; shift_x=\u00a0\u00bb0&Prime; shift_y=\u00a0\u00bb0&Prime; medium_width=\u00a0\u00bb0&Prime; zoom_width=\u00a0\u00bb0&Prime; zoom_height=\u00a0\u00bb0&Prime; width=\u00a0\u00bb5\/6&Prime;][uncode_block id=\u00a0\u00bb76043&Prime;][\/vc_column][\/vc_row][vc_row unlock_row=\u00a0\u00bb\u00a0\u00bb row_height_percent=\u00a0\u00bb0&Prime; override_padding=\u00a0\u00bbyes\u00a0\u00bb h_padding=\u00a0\u00bb2&Prime; top_padding=\u00a0\u00bb3&Prime; bottom_padding=\u00a0\u00bb3&Prime; overlay_alpha=\u00a0\u00bb100&Prime; gutter_size=\u00a0\u00bb3&Prime; column_width_percent=\u00a0\u00bb100&Prime; shift_y=\u00a0\u00bb0&Prime; z_index=\u00a0\u00bb0&Prime; row_height_use_pixel=\u00a0\u00bb\u00a0\u00bb uncode_shortcode_id=\u00a0\u00bb169883&Prime;][vc_column column_width_use_pixel=\u00a0\u00bbyes\u00a0\u00bb gutter_size=\u00a0\u00bb3&Prime; overlay_alpha=\u00a0\u00bb50&Prime; shift_x=\u00a0\u00bb0&Prime; shift_y=\u00a0\u00bb0&Prime; medium_width=\u00a0\u00bb0&Prime; zoom_width=\u00a0\u00bb0&Prime; zoom_height=\u00a0\u00bb0&Prime; column_width_pixel=\u00a0\u00bb800&Prime;][vc_column_text uncode_shortcode_id=\u00a0\u00bb439467&Prime;]<\/p>\n<h4 style=\"text-align: center;\">Voici nos packages cr\u00e9\u00e9s par nos soins<\/h4>\n<p style=\"text-align: center;\">Cliquez sur le s\u00e9jour que vous souhaitez d\u00e9couvrir pour avoir toutes les informations \u00e0 propos ce celui-ci.<\/p>\n<p>[\/vc_column_text][\/vc_column][\/vc_row][vc_row unlock_row=\u00a0\u00bb\u00a0\u00bb row_height_percent=\u00a0\u00bb0&Prime; override_padding=\u00a0\u00bbyes\u00a0\u00bb h_padding=\u00a0\u00bb2&Prime; top_padding=\u00a0\u00bb0&Prime; bottom_padding=\u00a0\u00bb4&Prime; overlay_alpha=\u00a0\u00bb100&Prime; gutter_size=\u00a0\u00bb3&Prime; column_width_percent=\u00a0\u00bb100&Prime; shift_y=\u00a0\u00bb0&Prime; z_index=\u00a0\u00bb0&Prime; row_height_use_pixel=\u00a0\u00bb\u00a0\u00bb uncode_shortcode_id=\u00a0\u00bb157067&Prime;][vc_column column_width_use_pixel=\u00a0\u00bbyes\u00a0\u00bb gutter_size=\u00a0\u00bb3&Prime; overlay_alpha=\u00a0\u00bb50&Prime; shift_x=\u00a0\u00bb0&Prime; shift_y=\u00a0\u00bb0&Prime; medium_width=\u00a0\u00bb0&Prime; zoom_width=\u00a0\u00bb0&Prime; zoom_height=\u00a0\u00bb0&Prime; column_width_pixel=\u00a0\u00bb800&Prime;][vc_column_text uncode_shortcode_id=\u00a0\u00bb212368&Prime;]<\/p>\n<h4 style=\"text-align: center;\"><span style=\"color: #800000; font-size: 24pt;\"><span style=\"color: #f23130;\">Sharjah Essentiel<\/span><\/span><\/h4>\n<p style=\"text-align: center;\">BR\u00c8VE DESCRIPTION DU PACKAGE<\/p>\n<p>[\/vc_column_text][vc_single_image media=\u00a0\u00bb136136&Prime; media_width_percent=\u00a0\u00bb100&Prime; media_ratio=\u00a0\u00bbthree-two\u00a0\u00bb media_title_uppercase=\u00a0\u00bb\u00a0\u00bb uncode_shortcode_id=\u00a0\u00bb102693&Prime; media_link=\u00a0\u00bbtitle:Dubai%20Essentiel\u00a0\u00bb][\/vc_column][\/vc_row][vc_row unlock_row=\u00a0\u00bb\u00a0\u00bb row_height_percent=\u00a0\u00bb0&Prime; override_padding=\u00a0\u00bbyes\u00a0\u00bb h_padding=\u00a0\u00bb2&Prime; top_padding=\u00a0\u00bb0&Prime; bottom_padding=\u00a0\u00bb4&Prime; overlay_alpha=\u00a0\u00bb100&Prime; gutter_size=\u00a0\u00bb3&Prime; column_width_percent=\u00a0\u00bb100&Prime; shift_y=\u00a0\u00bb0&Prime; z_index=\u00a0\u00bb0&Prime; row_height_use_pixel=\u00a0\u00bb\u00a0\u00bb uncode_shortcode_id=\u00a0\u00bb157067&Prime;][vc_column column_width_use_pixel=\u00a0\u00bbyes\u00a0\u00bb gutter_size=\u00a0\u00bb3&Prime; overlay_alpha=\u00a0\u00bb50&Prime; shift_x=\u00a0\u00bb0&Prime; shift_y=\u00a0\u00bb0&Prime; medium_width=\u00a0\u00bb0&Prime; zoom_width=\u00a0\u00bb0&Prime; zoom_height=\u00a0\u00bb0&Prime; column_width_pixel=\u00a0\u00bb800&Prime;][vc_column_text uncode_shortcode_id=\u00a0\u00bb771396&Prime;]<\/p>\n<h4 style=\"text-align: center;\"><span style=\"color: #f23130;\"><span style=\"font-size: 24pt;\">Sharjah Nature et aventure<\/span><\/span><\/h4>\n<p style=\"text-align: center;\">BR\u00c8VE DESCRIPTION DU PACKAGE<\/p>\n<p>[\/vc_column_text][vc_single_image media=\u00a0\u00bb136141&Prime; media_width_percent=\u00a0\u00bb100&Prime; media_ratio=\u00a0\u00bbthree-two\u00a0\u00bb media_title_uppercase=\u00a0\u00bb\u00a0\u00bb uncode_shortcode_id=\u00a0\u00bb211257&Prime; media_link=\u00a0\u00bbtitle:Dubai%20Nature%20et%20aventure\u00a0\u00bb][\/vc_column][\/vc_row][vc_row unlock_row=\u00a0\u00bb\u00a0\u00bb row_height_percent=\u00a0\u00bb0&Prime; override_padding=\u00a0\u00bbyes\u00a0\u00bb h_padding=\u00a0\u00bb2&Prime; top_padding=\u00a0\u00bb3&Prime; bottom_padding=\u00a0\u00bb3&Prime; overlay_alpha=\u00a0\u00bb100&Prime; gutter_size=\u00a0\u00bb3&Prime; shift_y=\u00a0\u00bb0&Prime; row_height_use_pixel=\u00a0\u00bb\u00a0\u00bb][vc_column column_width_use_pixel=\u00a0\u00bbyes\u00a0\u00bb gutter_size=\u00a0\u00bb3&Prime; overlay_alpha=\u00a0\u00bb50&Prime; shift_x=\u00a0\u00bb0&Prime; shift_y=\u00a0\u00bb0&Prime; medium_width=\u00a0\u00bb0&Prime; zoom_width=\u00a0\u00bb0&Prime; zoom_height=\u00a0\u00bb0&Prime; column_width_pixel=\u00a0\u00bb800&Prime;][vc_column_text uncode_shortcode_id=\u00a0\u00bb305084&Prime;]<\/p>\n<h4 style=\"text-align: center;\"><span style=\"color: #f23130;\"><span style=\"font-size: 24pt;\">Sharjah Culturel et p\u00e9dagogique<\/span><\/span><\/h4>\n<p style=\"text-align: center;\">BR\u00c8VE DESCRIPTION DU PACKAGE<\/p>\n<p>[\/vc_column_text][vc_single_image media=\u00a0\u00bb136158&Prime; media_width_percent=\u00a0\u00bb100&Prime; media_ratio=\u00a0\u00bbthree-two\u00a0\u00bb media_title_uppercase=\u00a0\u00bb\u00a0\u00bb uncode_shortcode_id=\u00a0\u00bb679318&Prime; media_link=\u00a0\u00bbtitle:Dubai%20Culturel%20et%20p%C3%A9dagogique\u00a0\u00bb][\/vc_column][\/vc_row][vc_row unlock_row=\u00a0\u00bb\u00a0\u00bb row_height_percent=\u00a0\u00bb0&Prime; override_padding=\u00a0\u00bbyes\u00a0\u00bb h_padding=\u00a0\u00bb2&Prime; top_padding=\u00a0\u00bb0&Prime; bottom_padding=\u00a0\u00bb4&Prime; overlay_alpha=\u00a0\u00bb100&Prime; gutter_size=\u00a0\u00bb3&Prime; column_width_percent=\u00a0\u00bb100&Prime; shift_y=\u00a0\u00bb0&Prime; z_index=\u00a0\u00bb0&Prime; row_height_use_pixel=\u00a0\u00bb\u00a0\u00bb uncode_shortcode_id=\u00a0\u00bb157067&Prime;][vc_column column_width_use_pixel=\u00a0\u00bbyes\u00a0\u00bb gutter_size=\u00a0\u00bb3&Prime; overlay_alpha=\u00a0\u00bb50&Prime; shift_x=\u00a0\u00bb0&Prime; shift_y=\u00a0\u00bb0&Prime; medium_width=\u00a0\u00bb0&Prime; zoom_width=\u00a0\u00bb0&Prime; zoom_height=\u00a0\u00bb0&Prime; column_width_pixel=\u00a0\u00bb800&Prime;][vc_column_text uncode_shortcode_id=\u00a0\u00bb200189&Prime;]<\/p>\n<h4 style=\"text-align: center;\"><span style=\"color: #f23130;\"><span style=\"font-size: 24pt;\">Sharjah Baln\u00e9aire<\/span><\/span><\/h4>\n<p style=\"text-align: center;\">BR\u00c8VE DESCRIPTION DU PACKAGE<\/p>\n<p>[\/vc_column_text][vc_single_image media=\u00a0\u00bb136145&Prime; media_width_percent=\u00a0\u00bb100&Prime; media_ratio=\u00a0\u00bbthree-two\u00a0\u00bb media_title_uppercase=\u00a0\u00bb\u00a0\u00bb uncode_shortcode_id=\u00a0\u00bb102011&Prime; media_link=\u00a0\u00bbtitle:Dubai%20Baln%C3%A9aire\u00a0\u00bb][\/vc_column][\/vc_row]<\/p>\n<\/div>","protected":false},"excerpt":{"rendered":"<p>[vc_row unlock_row=\u00a0\u00bb\u00a0\u00bb row_height_percent=\u00a0\u00bb0&Prime; override_padding=\u00a0\u00bbyes\u00a0\u00bb h_padding=\u00a0\u00bb2&Prime; top_padding=\u00a0\u00bb0&Prime; bottom_padding=\u00a0\u00bb0&Prime; overlay_alpha=\u00a0\u00bb100&Prime; gutter_size=\u00a0\u00bb3&Prime; column_width_percent=\u00a0\u00bb100&Prime; shift_y=\u00a0\u00bb0&Prime; z_index=\u00a0\u00bb0&Prime; row_height_use_pixel=\u00a0\u00bb\u00a0\u00bb uncode_shortcode_id=\u00a0\u00bb150881&Prime;][vc_column column_width_use_pixel=\u00a0\u00bbyes\u00a0\u00bb gutter_size=\u00a0\u00bb3&Prime; overlay_alpha=\u00a0\u00bb50&Prime; shift_x=\u00a0\u00bb0&Prime; shift_y=\u00a0\u00bb0&Prime; medium_width=\u00a0\u00bb0&Prime; [&hellip;]<\/p>\n","protected":false},"author":1,"featured_media":136263,"parent":0,"menu_order":151,"comment_status":"closed","ping_status":"closed","template":"","meta":{"footnotes":""},"class_list":["post-131605","page","type-page","status-publish","has-post-thumbnail","hentry"],"_links":{"self":[{"href":"https:\/\/www.igotosharjah.com\/fr\/wp-json\/wp\/v2\/pages\/131605","targetHints":{"allow":["GET"]}}],"collection":[{"href":"https:\/\/www.igotosharjah.com\/fr\/wp-json\/wp\/v2\/pages"}],"about":[{"href":"https:\/\/www.igotosharjah.com\/fr\/wp-json\/wp\/v2\/types\/page"}],"author":[{"embeddable":true,"href":"https:\/\/www.igotosharjah.com\/fr\/wp-json\/wp\/v2\/users\/1"}],"replies":[{"embeddable":true,"href":"https:\/\/www.igotosharjah.com\/fr\/wp-json\/wp\/v2\/comments?post=131605"}],"version-history":[{"count":24,"href":"https:\/\/www.igotosharjah.com\/fr\/wp-json\/wp\/v2\/pages\/131605\/revisions"}],"predecessor-version":[{"id":131612,"href":"https:\/\/www.igotosharjah.com\/fr\/wp-json\/wp\/v2\/pages\/131605\/revisions\/131612"}],"wp:featuredmedia":[{"embeddable":true,"href":"https:\/\/www.igotosharjah.com\/fr\/wp-json\/wp\/v2\/media\/136263"}],"wp:attachment":[{"href":"https:\/\/www.igotosharjah.com\/fr\/wp-json\/wp\/v2\/media?parent=131605"}],"curies":[{"name":"wp","href":"https:\/\/api.w.org\/{rel}","templated":true}]}}