{"id":135504,"date":"2024-05-03T13:47:51","date_gmt":"2024-05-03T11:47:51","guid":{"rendered":"https:\/\/test.igotodubai.com\/?page_id=135504"},"modified":"2024-09-05T15:35:07","modified_gmt":"2024-09-05T13:35:07","slug":"contact","status":"publish","type":"page","link":"https:\/\/www.igotosharjah.com\/fr\/contact\/","title":{"rendered":"Contact"},"content":{"rendered":"<div class=\"wpb-content-wrapper\"><p>[vc_row row_height_percent=\u00a0\u00bb85&Prime; override_padding=\u00a0\u00bbyes\u00a0\u00bb h_padding=\u00a0\u00bb2&Prime; top_padding=\u00a0\u00bb7&Prime; bottom_padding=\u00a0\u00bb7&Prime; back_color=\u00a0\u00bbcolor-wayh\u00a0\u00bb back_image=\u00a0\u00bb135505&Prime; back_position=\u00a0\u00bbcenter center\u00a0\u00bb overlay_color=\u00a0\u00bbcolor-jevc\u00a0\u00bb overlay_alpha=\u00a0\u00bb40&Prime; gutter_size=\u00a0\u00bb3&Prime; column_width_percent=\u00a0\u00bb100&Prime; shift_y=\u00a0\u00bb0&Prime; z_index=\u00a0\u00bb0&Prime; enable_top_divider=\u00a0\u00bbdefault\u00a0\u00bb top_divider=\u00a0\u00bbgradient\u00a0\u00bb shape_top_h_use_pixel=\u00a0\u00bbtrue\u00a0\u00bb shape_top_height_percent=\u00a0\u00bb100&Prime; shape_top_color=\u00a0\u00bbcolor-wayh\u00a0\u00bb shape_top_opacity=\u00a0\u00bb25&Prime; shape_top_index=\u00a0\u00bb0&Prime; row_name=\u00a0\u00bbWelcome\u00a0\u00bb uncode_shortcode_id=\u00a0\u00bb194683&Prime; back_color_type=\u00a0\u00bbuncode-palette\u00a0\u00bb overlay_color_type=\u00a0\u00bbuncode-palette\u00a0\u00bb shape_top_color_type=\u00a0\u00bbuncode-palette\u00a0\u00bb][vc_column column_width_use_pixel=\u00a0\u00bbyes\u00a0\u00bb position_vertical=\u00a0\u00bbmiddle\u00a0\u00bb align_horizontal=\u00a0\u00bbalign_center\u00a0\u00bb gutter_size=\u00a0\u00bb3&Prime; style=\u00a0\u00bbdark\u00a0\u00bb overlay_alpha=\u00a0\u00bb50&Prime; shift_x=\u00a0\u00bb0&Prime; shift_y=\u00a0\u00bb0&Prime; shift_y_down=\u00a0\u00bb0&Prime; z_index=\u00a0\u00bb0&Prime; medium_width=\u00a0\u00bb0&Prime; mobile_width=\u00a0\u00bb0&Prime; zoom_width=\u00a0\u00bb0&Prime; zoom_height=\u00a0\u00bb0&Prime; width=\u00a0\u00bb1\/1&Prime; column_width_pixel=\u00a0\u00bb900&Prime;][vc_custom_heading text_font=\u00a0\u00bbfont-136269&Prime; text_size=\u00a0\u00bbfontsize-445851&Prime; text_weight=\u00a0\u00bb500&Prime; text_space=\u00a0\u00bbfontspace-781688&Prime; uncode_shortcode_id=\u00a0\u00bb212472&Prime;]<span style=\"font-size: 36pt;\">Contactez-nous si vous avez la moindre question. Nous vous r\u00e9pondrons avec plaisir !<\/span>[\/vc_custom_heading][\/vc_column][\/vc_row][vc_row row_height_percent=\u00a0\u00bb0&Prime; override_padding=\u00a0\u00bbyes\u00a0\u00bb h_padding=\u00a0\u00bb2&Prime; top_padding=\u00a0\u00bb5&Prime; bottom_padding=\u00a0\u00bb5&Prime; back_color=\u00a0\u00bbcolor-lxmt\u00a0\u00bb overlay_alpha=\u00a0\u00bb100&Prime; gutter_size=\u00a0\u00bb4&Prime; column_width_percent=\u00a0\u00bb100&Prime; shift_y=\u00a0\u00bb0&Prime; z_index=\u00a0\u00bb0&Prime; style=\u00a0\u00bbinherited\u00a0\u00bb][vc_column column_width_percent=\u00a0\u00bb100&Prime; align_horizontal=\u00a0\u00bbalign_center\u00a0\u00bb gutter_size=\u00a0\u00bb4&Prime; font_family=\u00a0\u00bbfont-136269&Prime; overlay_alpha=\u00a0\u00bb100&Prime; shift_x=\u00a0\u00bb0&Prime; shift_y=\u00a0\u00bb0&Prime; shift_y_down=\u00a0\u00bb0&Prime; z_index=\u00a0\u00bb0&Prime; medium_width=\u00a0\u00bb3&Prime; mobile_width=\u00a0\u00bb0&Prime; zoom_width=\u00a0\u00bb0&Prime; zoom_height=\u00a0\u00bb0&Prime; width=\u00a0\u00bb1\/3&Prime; uncode_shortcode_id=\u00a0\u00bb968317&Prime;][vc_icon icon=\u00a0\u00bbfa fa-mail\u00a0\u00bb icon_color=\u00a0\u00bbcolor-189256&Prime; size=\u00a0\u00bbfa-3x\u00a0\u00bb text_font=\u00a0\u00bbfont-136269&Prime; text_weight=\u00a0\u00bb500&Prime; text_space=\u00a0\u00bbfontspace-781688&Prime; text_reduced=\u00a0\u00bbyes\u00a0\u00bb title=\u00a0\u00bbMail\u00a0\u00bb link=\u00a0\u00bburl:mailto%3Ainfo%40igotosharjah.com|target:_blank\u00a0\u00bb link_text=\u00a0\u00bbinfo@igotosharjah.com\u00a0\u00bb uncode_shortcode_id=\u00a0\u00bb789100&Prime; icon_color_type=\u00a0\u00bbuncode-palette\u00a0\u00bb]Envoyez-nous un mail, nous vous r\u00e9pondrons au plus vite[\/vc_icon][\/vc_column][vc_column column_width_percent=\u00a0\u00bb100&Prime; align_horizontal=\u00a0\u00bbalign_center\u00a0\u00bb gutter_size=\u00a0\u00bb3&Prime; font_family=\u00a0\u00bbfont-136269&Prime; overlay_alpha=\u00a0\u00bb50&Prime; shift_x=\u00a0\u00bb0&Prime; shift_y=\u00a0\u00bb0&Prime; shift_y_down=\u00a0\u00bb0&Prime; z_index=\u00a0\u00bb0&Prime; medium_width=\u00a0\u00bb3&Prime; mobile_width=\u00a0\u00bb0&Prime; width=\u00a0\u00bb1\/3&Prime; uncode_shortcode_id=\u00a0\u00bb998568&Prime;][vc_icon icon=\u00a0\u00bbfa fa-phone-handset\u00a0\u00bb icon_color=\u00a0\u00bbcolor-189256&Prime; size=\u00a0\u00bbfa-3x\u00a0\u00bb text_font=\u00a0\u00bbfont-136269&Prime; text_weight=\u00a0\u00bb500&Prime; text_space=\u00a0\u00bbfontspace-781688&Prime; text_reduced=\u00a0\u00bbyes\u00a0\u00bb title=\u00a0\u00bbT\u00e9l\u00e9phone\u00a0\u00bb uncode_shortcode_id=\u00a0\u00bb210231&Prime; icon_color_type=\u00a0\u00bbuncode-palette\u00a0\u00bb]<span style=\"font-size: 14pt;\"><span style=\"font-size: 12pt;\">WhatsApp<\/span> : +32 476 70 75 16<\/span>[\/vc_icon][\/vc_column][vc_column column_width_percent=\u00a0\u00bb100&Prime; align_horizontal=\u00a0\u00bbalign_center\u00a0\u00bb gutter_size=\u00a0\u00bb3&Prime; font_family=\u00a0\u00bbfont-136269&Prime; overlay_alpha=\u00a0\u00bb50&Prime; shift_x=\u00a0\u00bb0&Prime; shift_y=\u00a0\u00bb0&Prime; shift_y_down=\u00a0\u00bb0&Prime; z_index=\u00a0\u00bb0&Prime; medium_width=\u00a0\u00bb3&Prime; mobile_width=\u00a0\u00bb0&Prime; width=\u00a0\u00bb1\/3&Prime; uncode_shortcode_id=\u00a0\u00bb129631&Prime;][vc_icon icon=\u00a0\u00bbfa fa-map-pin\u00a0\u00bb icon_color=\u00a0\u00bbcolor-189256&Prime; size=\u00a0\u00bbfa-3x\u00a0\u00bb text_font=\u00a0\u00bbfont-136269&Prime; text_weight=\u00a0\u00bb500&Prime; text_space=\u00a0\u00bbfontspace-781688&Prime; text_reduced=\u00a0\u00bbyes\u00a0\u00bb title=\u00a0\u00bbAdresse postale\u00a0\u00bb link=\u00a0\u00bbtarget:_blank\u00a0\u00bb uncode_shortcode_id=\u00a0\u00bb197532&Prime; icon_color_type=\u00a0\u00bbuncode-palette\u00a0\u00bb]Si vous pr\u00e9f\u00e9rez nous voir en personne<br \/>\nEEBIC, 3\u00e8me \u00e9tage, All\u00e9e de la Recherche, 12<br \/>\n1070 Anderlecht, Belgique[\/vc_icon][\/vc_column][\/vc_row][vc_row unlock_row_content=\u00a0\u00bbyes\u00a0\u00bb row_height_percent=\u00a0\u00bb0&Prime; overlay_alpha=\u00a0\u00bb50&Prime; gutter_size=\u00a0\u00bb3&Prime; column_width_percent=\u00a0\u00bb100&Prime; shift_y=\u00a0\u00bb0&Prime; z_index=\u00a0\u00bb0&Prime; uncode_shortcode_id=\u00a0\u00bb110471&Prime;][vc_column column_width_percent=\u00a0\u00bb100&Prime; align_horizontal=\u00a0\u00bbalign_center\u00a0\u00bb gutter_size=\u00a0\u00bb3&Prime; overlay_alpha=\u00a0\u00bb50&Prime; shift_x=\u00a0\u00bb0&Prime; shift_y=\u00a0\u00bb0&Prime; shift_y_down=\u00a0\u00bb0&Prime; z_index=\u00a0\u00bb0&Prime; medium_width=\u00a0\u00bb0&Prime; mobile_width=\u00a0\u00bb0&Prime; width=\u00a0\u00bb1\/1&Prime; uncode_shortcode_id=\u00a0\u00bb552611&Prime;][vc_raw_html]JTNDaWZyYW1lJTIwc3JjJTNEJTIyaHR0cHMlM0ElMkYlMkZ3d3cuZ29vZ2xlLmNvbSUyRm1hcHMlMkZlbWJlZCUzRnBiJTNEJTIxMW0xOCUyMTFtMTIlMjExbTMlMjExZDI1MjAuNzc1NTUyMTg5OTIxJTIxMmQ0LjI2MzkzNTI3NTI3NzU3JTIxM2Q1MC44MTY3OTcwNjA5MjAzMTUlMjEybTMlMjExZjAlMjEyZjAlMjEzZjAlMjEzbTIlMjExaTEwMjQlMjEyaTc2OCUyMTRmMTMuMSUyMTNtMyUyMTFtMiUyMTFzMHg0N2MzYzZmYTc5MmNjNjBmJTI1M0EweGEwODYyNzJlMTFiODhlODQlMjEyc0VFQklDJTIxNWUwJTIxM20yJTIxMXNmciUyMTJzYmUlMjE0djE3MTI4NDczNjA0NDUlMjE1bTIlMjExc2ZyJTIxMnNiZSUyMiUyMHdpZHRoJTNEJTIyNjAwJTIyJTIwaGVpZ2h0JTNEJTIyNDUwJTIyJTIwc3R5bGUlM0QlMjJib3JkZXIlM0EwJTNCJTIyJTIwYWxsb3dmdWxsc2NyZWVuJTNEJTIyJTIyJTIwbG9hZGluZyUzRCUyMmxhenklMjIlMjByZWZlcnJlcnBvbGljeSUzRCUyMm5vLXJlZmVycmVyLXdoZW4tZG93bmdyYWRlJTIyJTNFJTNDJTJGaWZyYW1lJTNF[\/vc_raw_html][\/vc_column][\/vc_row]<\/p>\n<\/div>","protected":false},"excerpt":{"rendered":"<p>[vc_row row_height_percent=\u00a0\u00bb85&Prime; override_padding=\u00a0\u00bbyes\u00a0\u00bb h_padding=\u00a0\u00bb2&Prime; top_padding=\u00a0\u00bb7&Prime; bottom_padding=\u00a0\u00bb7&Prime; back_color=\u00a0\u00bbcolor-wayh\u00a0\u00bb back_image=\u00a0\u00bb135505&Prime; back_position=\u00a0\u00bbcenter center\u00a0\u00bb overlay_color=\u00a0\u00bbcolor-jevc\u00a0\u00bb overlay_alpha=\u00a0\u00bb40&Prime; gutter_size=\u00a0\u00bb3&Prime; column_width_percent=\u00a0\u00bb100&Prime; shift_y=\u00a0\u00bb0&Prime; z_index=\u00a0\u00bb0&Prime; enable_top_divider=\u00a0\u00bbdefault\u00a0\u00bb top_divider=\u00a0\u00bbgradient\u00a0\u00bb shape_top_h_use_pixel=\u00a0\u00bbtrue\u00a0\u00bb shape_top_height_percent=\u00a0\u00bb100&Prime; [&hellip;]<\/p>\n","protected":false},"author":1,"featured_media":0,"parent":0,"menu_order":28,"comment_status":"closed","ping_status":"closed","template":"","meta":{"footnotes":""},"class_list":["post-135504","page","type-page","status-publish","hentry"],"_links":{"self":[{"href":"https:\/\/www.igotosharjah.com\/fr\/wp-json\/wp\/v2\/pages\/135504","targetHints":{"allow":["GET"]}}],"collection":[{"href":"https:\/\/www.igotosharjah.com\/fr\/wp-json\/wp\/v2\/pages"}],"about":[{"href":"https:\/\/www.igotosharjah.com\/fr\/wp-json\/wp\/v2\/types\/page"}],"author":[{"embeddable":true,"href":"https:\/\/www.igotosharjah.com\/fr\/wp-json\/wp\/v2\/users\/1"}],"replies":[{"embeddable":true,"href":"https:\/\/www.igotosharjah.com\/fr\/wp-json\/wp\/v2\/comments?post=135504"}],"version-history":[{"count":6,"href":"https:\/\/www.igotosharjah.com\/fr\/wp-json\/wp\/v2\/pages\/135504\/revisions"}],"predecessor-version":[{"id":135508,"href":"https:\/\/www.igotosharjah.com\/fr\/wp-json\/wp\/v2\/pages\/135504\/revisions\/135508"}],"wp:attachment":[{"href":"https:\/\/www.igotosharjah.com\/fr\/wp-json\/wp\/v2\/media?parent=135504"}],"curies":[{"name":"wp","href":"https:\/\/api.w.org\/{rel}","templated":true}]}}